{"id":852,"date":"2021-11-11T15:17:06","date_gmt":"2021-11-11T20:17:06","guid":{"rendered":"https:\/\/agriconseils.qc.ca\/?page_id=852"},"modified":"2023-07-24T11:01:12","modified_gmt":"2023-07-24T15:01:12","slug":"the-strenght-of-the-reseaux-agriconseils","status":"publish","type":"page","link":"https:\/\/agriconseils.qc.ca\/en\/the-reseaux-agriconseils\/the-strenght-of-the-reseaux-agriconseils\/","title":{"rendered":"The Strength of the R\u00e9seaux Agriconseils"},"content":{"rendered":"\n<h2 class=\"wp-block-heading\" id=\"a-propos-des-reseaux-agriconseils\"><strong>About the R\u00e9seaux Agriconseils<\/strong><\/h2>\n\n\n\n<p>Since&nbsp;2006, <a href=\"https:\/\/agriconseils.qc.ca\/en\/the-reseaux-agriconseils\/the-13-regions-served\/\">R\u00e9seaux&nbsp;Agriconseils<\/a>&nbsp;have been established in all 13 regions of the province by the <a href=\"https:\/\/www.mapaq.gouv.qc.ca\/fr\/Pages\/Accueil.aspx\" target=\"_blank\" rel=\"noreferrer noopener\">minist\u00e8re de l\u2019Agriculture, des P\u00eacheries et de l\u2019Alimentation du Qu\u00e9bec (MAPAQ)<\/a>&nbsp;and the <a href=\"https:\/\/www.upa.qc.ca\/fr\/\" target=\"_blank\" rel=\"noreferrer noopener\">Union des producteurs agricoles (UPA)<\/a>&nbsp;to optimize and bring together all consulting service resources.&nbsp;&nbsp;<\/p>\n\n\n\n<p>The R\u00e9seaux represent the MAPAQ in coordinating the government\u2019s financial assistance for consulting services under the\u00a0<a href=\"https:\/\/www.mapaq.gouv.qc.ca\/fr\/Productions\/md\/programmesliste\/gestionagricole\/Pages\/Programmeservices-conseils.aspx\" rel=\"noopener\">Consulting Services 2023-2028 Program<\/a> and are active within the organization and in the development of regional consulting services.<\/p>\n\n\n\n<p>Therefore, through your&nbsp;<a href=\"https:\/\/agriconseils.qc.ca\/en\/the-reseaux-agriconseils\/the-13-regions-served\/\">R\u00e9seau<\/a>, you have easy access to an array of consulting services, which are there to assist with decision-making and help you conduct your business.<\/p>\n\n\n\n<p>Please see the <a href=\"https:\/\/agriconseils.qc.ca\/en\/the-reseaux-agriconseils\/services-provided\/\">consulting services available<\/a>.<\/p>\n\n\n\n<h2 class=\"wp-block-heading\"><strong>A Targeted Service Offering<\/strong><\/h2>\n\n\n\n<p>Depending on their region\u2019s priorities, the <a href=\"https:\/\/agriconseils.qc.ca\/en\/the-reseaux-agriconseils\/the-13-regions-served\/\">R\u00e9seaux Agriconseils<\/a>&nbsp;are offering financial assistance for various consulting services; this way, they see to their region\u2019s development.<\/p>\n\n\n\n<p>The R\u00e9seaux Agriconseils are helping agricultural producers and small-scale food processors find the services they need among those provided by various local businesses (mentors) and are providing them with a <strong>50%-75%<\/strong> subsidy.<\/p>\n\n\n\n<p>Discover which <a href=\"https:\/\/agriconseils.qc.ca\/en\/the-reseaux-agriconseils\/services-provided\/\">consulting services are eligible<\/a>.<\/p>\n\n\n\n<p>Call upon experts to reach your goals. Contact us at <strong>1-866-680-1858<\/strong>.<\/p>\n\n\n\n<h2 class=\"wp-block-heading\"><strong>The Mandate of the R\u00e9seaux Agriconseils<\/strong>&nbsp;<\/h2>\n\n\n\n<ul class=\"wp-block-list\">\n<li>Coordinate financial assistance&nbsp;<\/li>\n\n\n\n<li>Identify the needs of businesses and refer them to eligible providers&nbsp;<\/li>\n\n\n\n<li>Support businesses in managing their funding envelope&nbsp;<\/li>\n\n\n\n<li>Welcome new providers and support them&nbsp;&nbsp;<\/li>\n\n\n\n<li>Complete the necessary consultations to set up a diversified consulting services offering meeting the needs of farm and agri-food businesses&nbsp;<\/li>\n\n\n\n<li>Ensure discussion with various stakeholders from each region.&nbsp;<\/li>\n\n\n\n<li>Complete information and promotional activities on interprofessional collaboration&nbsp;<\/li>\n\n\n\n<li>Take part in the assessment of client satisfaction&nbsp;<\/li>\n\n\n\n<li>Carry out the compliance assessment of providers&nbsp;<\/li>\n<\/ul>\n\n\n\n<h2 class=\"wp-block-heading\"><strong>Administrators Attuned to Your needs<\/strong>&nbsp;<\/h2>\n\n\n\n<p>The R\u00e9seaux Agriconseils are independent NPOs, governed by regional boards of directors primarily consisting of agricultural producers, with various stakeholders from the field.&nbsp;Among the members of each board, we find:&nbsp;<\/p>\n\n\n\n<ul class=\"wp-block-list\">\n<li>regional UPA federations&nbsp;<\/li>\n\n\n\n<li>regional MAPAQ directorates&nbsp;<\/li>\n\n\n\n<li>regional&nbsp;<a href=\"https:\/\/www.fadq.qc.ca\/accueil\/\" target=\"_blank\" rel=\"noreferrer noopener\">La Financi\u00e8re agricole du Qu\u00e9bec<\/a> directorates&nbsp;<\/li>\n\n\n\n<li>electoral colleges of each region\u2019s consultants&nbsp;<\/li>\n\n\n\n<li>community organizations appointed by each board of directors&nbsp;<\/li>\n<\/ul>\n\n\n\n<p>The representativeness of the members ensures that the consulting services are meeting the needs of farm and agri-food businesses from each region.<\/p>\n\n\n\n<p class=\"is-style-default\">&nbsp;<\/p>\n","protected":false},"excerpt":{"rendered":"<p>About the R\u00e9seaux Agriconseils Since&nbsp;2006, R\u00e9seaux&nbsp;Agriconseils&nbsp;have been established in all 13 regions of the province by the minist\u00e8re de l\u2019Agriculture, des P\u00eacheries et de l\u2019Alimentation du Qu\u00e9bec (MAPAQ)&nbsp;and the Union des producteurs agricoles (UPA)&nbsp;to optimize and bring together all consulting service resources.&nbsp;&nbsp; The R\u00e9seaux represent the MAPAQ in coordinating the government\u2019s financial assistance for consulting&hellip;<\/p>\n","protected":false},"author":1,"featured_media":2460,"parent":857,"menu_order":0,"comment_status":"closed","ping_status":"closed","template":"","meta":{"_acf_changed":false,"_relevanssi_hide_post":"","_relevanssi_hide_content":"","_relevanssi_pin_for_all":"","_relevanssi_pin_keywords":"","_relevanssi_unpin_keywords":"","_relevanssi_related_keywords":"","_relevanssi_related_include_ids":"","_relevanssi_related_exclude_ids":"","_relevanssi_related_no_append":"","_relevanssi_related_not_related":"","_relevanssi_related_posts":"223,1,221,217,209","_relevanssi_noindex_reason":"","footnotes":""},"class_list":["post-852","page","type-page","status-publish","has-post-thumbnail","hentry"],"acf":[],"_links":{"self":[{"href":"https:\/\/agriconseils.qc.ca\/en\/wp-json\/wp\/v2\/pages\/852","targetHints":{"allow":["GET"]}}],"collection":[{"href":"https:\/\/agriconseils.qc.ca\/en\/wp-json\/wp\/v2\/pages"}],"about":[{"href":"https:\/\/agriconseils.qc.ca\/en\/wp-json\/wp\/v2\/types\/page"}],"author":[{"embeddable":true,"href":"https:\/\/agriconseils.qc.ca\/en\/wp-json\/wp\/v2\/users\/1"}],"replies":[{"embeddable":true,"href":"https:\/\/agriconseils.qc.ca\/en\/wp-json\/wp\/v2\/comments?post=852"}],"version-history":[{"count":10,"href":"https:\/\/agriconseils.qc.ca\/en\/wp-json\/wp\/v2\/pages\/852\/revisions"}],"predecessor-version":[{"id":6367,"href":"https:\/\/agriconseils.qc.ca\/en\/wp-json\/wp\/v2\/pages\/852\/revisions\/6367"}],"up":[{"embeddable":true,"href":"https:\/\/agriconseils.qc.ca\/en\/wp-json\/wp\/v2\/pages\/857"}],"wp:featuredmedia":[{"embeddable":true,"href":"https:\/\/agriconseils.qc.ca\/en\/wp-json\/wp\/v2\/media\/2460"}],"wp:attachment":[{"href":"https:\/\/agriconseils.qc.ca\/en\/wp-json\/wp\/v2\/media?parent=852"}],"curies":[{"name":"wp","href":"https:\/\/api.w.org\/{rel}","templated":true}]}}