{"id":850,"date":"2021-12-16T13:21:49","date_gmt":"2021-12-16T18:21:49","guid":{"rendered":"https:\/\/agriconseils.qc.ca\/?page_id=850"},"modified":"2024-04-12T12:06:36","modified_gmt":"2024-04-12T16:06:36","slug":"eligibility","status":"publish","type":"page","link":"https:\/\/agriconseils.qc.ca\/en\/i-am-a-processor\/eligibility\/","title":{"rendered":"Eligibility"},"content":{"rendered":"\n<div class=\"wp-block-media-text alignwide has-media-on-the-right is-stacked-on-mobile\"><div class=\"wp-block-media-text__content\">\n<h2 class=\"wp-block-heading\" id=\"verifier-mon-admissibilite-1\"><strong><strong>Check my Eligibility for the Consulting Services Program<\/strong><\/strong><\/h2>\n\n\n\n<p>To be eligible for the&nbsp;<a href=\"https:\/\/www.mapaq.gouv.qc.ca\/fr\/Productions\/md\/programmesliste\/gestionagricole\/Pages\/Programmeservices-conseils.aspx\" target=\"_blank\" rel=\"noreferrer noopener\">Consulting Services Program<\/a>,<strong>&nbsp;the small\u2011scale food processing business must:<\/strong><\/p>\n\n\n\n<p>Be an establishment that meets one of the following two characteristics:<\/p>\n\n\n\n<ul class=\"wp-block-list\">\n<li>Be a food processing business;<\/li>\n\n\n\n<li>Be an agro-processor.<\/li>\n<\/ul>\n\n\n\n<p>And that meets the following criteria:<\/p>\n\n\n\n<ul class=\"wp-block-list\">\n<li>Prepares food products that are the result of work, usually not automated;<\/li>\n\n\n\n<li>Has an offer of food products mainly made up of Quebec products;<\/li>\n\n\n\n<li>Whose principal owner is actively involved in the operation of the business, but also in processing operations;<\/li>\n\n\n\n<li>Has a maximum of ten employees, including owners.<\/li>\n<\/ul>\n<\/div><figure class=\"wp-block-media-text__media\"><img decoding=\"async\" width=\"549\" height=\"383\" src=\"https:\/\/agriconseils.qc.ca\/wp-content\/uploads\/2022\/06\/iStock-595344830_site.jpg\" alt=\"\" class=\"wp-image-4383 size-full\" srcset=\"https:\/\/agriconseils.qc.ca\/wp-content\/uploads\/2022\/06\/iStock-595344830_site.jpg 549w, https:\/\/agriconseils.qc.ca\/wp-content\/uploads\/2022\/06\/iStock-595344830_site-300x209.jpg 300w\" sizes=\"(max-width: 549px) 100vw, 549px\" \/><\/figure><\/div>\n\n\n<section class=\"content-with-background-image-block theme-block alignwide\" style=\"background-image:url(https:\/\/agriconseils.qc.ca\/wp-content\/uploads\/2021\/11\/transf.png)\">\n  <div class=\"content-with-background-image__content\"><p style=\"text-align: center\">For more information, contact<br \/>\n<a href=\"https:\/\/www.mapaq.gouv.qc.ca\/SiteCollectionDocuments\/Formulaires\/Liste_conseillers_transformation.pdf\" target=\"_blank\" rel=\"noopener\"><strong>your region\u2019s processing advisor<\/strong><\/a>.<\/p>\n<\/div>\n<\/section>\n\n\n\n<div class=\"wp-block-media-text alignwide is-stacked-on-mobile\"><figure class=\"wp-block-media-text__media\"><img decoding=\"async\" width=\"960\" height=\"638\" src=\"https:\/\/agriconseils.qc.ca\/wp-content\/uploads\/2022\/04\/cider-4484017_960_720.jpg\" alt=\"\" class=\"wp-image-2991 size-full\" srcset=\"https:\/\/agriconseils.qc.ca\/wp-content\/uploads\/2022\/04\/cider-4484017_960_720.jpg 960w, https:\/\/agriconseils.qc.ca\/wp-content\/uploads\/2022\/04\/cider-4484017_960_720-300x199.jpg 300w, https:\/\/agriconseils.qc.ca\/wp-content\/uploads\/2022\/04\/cider-4484017_960_720-768x510.jpg 768w\" sizes=\"(max-width: 960px) 100vw, 960px\" \/><\/figure><div class=\"wp-block-media-text__content\">\n<h2 class=\"wp-block-heading\" id=\"obtenir-un-numero-d-identification-ministeriel\"><strong><strong>Get a Department Identification Number<\/strong><\/strong><\/h2>\n\n\n\n<p>Pour obtenir un <strong>num\u00e9ro d&#8217;identification minist\u00e9riel (NIM) transformateur alimentaire artisan<\/strong>, communiquez avec le <a href=\"https:\/\/www.mapaq.gouv.qc.ca\/SiteCollectionDocuments\/Formulaires\/Liste_conseillers_transformation.pdf\" rel=\"noopener\">conseiller en transformation de votre r\u00e9gion<\/a>.<\/p>\n<\/div><\/div>\n\n\n\n<div class=\"wp-block-media-text alignwide has-media-on-the-right is-stacked-on-mobile\"><div class=\"wp-block-media-text__content\">\n<h2 class=\"wp-block-heading\" id=\"s-inscrire-au-programme-services-conseils\"><strong><strong>Enrolment in the&nbsp;Consulting Services Program<\/strong><\/strong><\/h2>\n\n\n\n<p>As soon as your business gets its DIN as a small-scale food processor, <strong>you may enrol it in the<\/strong> <a href=\"https:\/\/www.mapaq.gouv.qc.ca\/fr\/Productions\/md\/programmesliste\/gestionagricole\/Pages\/Programmeservices-conseils.aspx\" target=\"_blank\" rel=\"noreferrer noopener\"><strong>Consulting Services Program<\/strong><\/a>:<\/p>\n\n\n\n<ul class=\"wp-block-list\">\n<li>Complete the <a href=\"https:\/\/agriconseils.qc.ca\/en\/i-am-a-processor\/forms\/\">Enrolment Form<\/a>.<\/li>\n\n\n\n<li>Send it to your region\u2019s <a href=\"https:\/\/agriconseils.qc.ca\/en\/the-reseaux-agriconseils\/the-13-regions-served\/\">R\u00e9seau Agriconseils<\/a>.<\/li>\n<\/ul>\n<\/div><figure class=\"wp-block-media-text__media\"><img decoding=\"async\" width=\"1024\" height=\"683\" src=\"https:\/\/agriconseils.qc.ca\/wp-content\/uploads\/2022\/03\/startup-594091_1920-1024x683.jpg\" alt=\"\" class=\"wp-image-2470 size-full\" srcset=\"https:\/\/agriconseils.qc.ca\/wp-content\/uploads\/2022\/03\/startup-594091_1920-1024x683.jpg 1024w, https:\/\/agriconseils.qc.ca\/wp-content\/uploads\/2022\/03\/startup-594091_1920-300x200.jpg 300w, https:\/\/agriconseils.qc.ca\/wp-content\/uploads\/2022\/03\/startup-594091_1920-768x512.jpg 768w, https:\/\/agriconseils.qc.ca\/wp-content\/uploads\/2022\/03\/startup-594091_1920-1536x1024.jpg 1536w, https:\/\/agriconseils.qc.ca\/wp-content\/uploads\/2022\/03\/startup-594091_1920.jpg 1920w\" sizes=\"(max-width: 1024px) 100vw, 1024px\" \/><\/figure><\/div>\n","protected":false},"excerpt":{"rendered":"<p>Get a Department Identification Number Pour obtenir un num\u00e9ro d&#8217;identification minist\u00e9riel (NIM) transformateur alimentaire artisan, communiquez avec le conseiller en transformation de votre r\u00e9gion.<\/p>\n","protected":false},"author":1,"featured_media":2989,"parent":820,"menu_order":0,"comment_status":"closed","ping_status":"closed","template":"","meta":{"_acf_changed":false,"_relevanssi_hide_post":"","_relevanssi_hide_content":"","_relevanssi_pin_for_all":"","_relevanssi_pin_keywords":"","_relevanssi_unpin_keywords":"","_relevanssi_related_keywords":"","_relevanssi_related_include_ids":"","_relevanssi_related_exclude_ids":"","_relevanssi_related_no_append":"","_relevanssi_related_not_related":"","_relevanssi_related_posts":"209,1,223,217,221","_relevanssi_noindex_reason":"","footnotes":""},"class_list":["post-850","page","type-page","status-publish","has-post-thumbnail","hentry"],"acf":[],"_links":{"self":[{"href":"https:\/\/agriconseils.qc.ca\/en\/wp-json\/wp\/v2\/pages\/850","targetHints":{"allow":["GET"]}}],"collection":[{"href":"https:\/\/agriconseils.qc.ca\/en\/wp-json\/wp\/v2\/pages"}],"about":[{"href":"https:\/\/agriconseils.qc.ca\/en\/wp-json\/wp\/v2\/types\/page"}],"author":[{"embeddable":true,"href":"https:\/\/agriconseils.qc.ca\/en\/wp-json\/wp\/v2\/users\/1"}],"replies":[{"embeddable":true,"href":"https:\/\/agriconseils.qc.ca\/en\/wp-json\/wp\/v2\/comments?post=850"}],"version-history":[{"count":10,"href":"https:\/\/agriconseils.qc.ca\/en\/wp-json\/wp\/v2\/pages\/850\/revisions"}],"predecessor-version":[{"id":8885,"href":"https:\/\/agriconseils.qc.ca\/en\/wp-json\/wp\/v2\/pages\/850\/revisions\/8885"}],"up":[{"embeddable":true,"href":"https:\/\/agriconseils.qc.ca\/en\/wp-json\/wp\/v2\/pages\/820"}],"wp:featuredmedia":[{"embeddable":true,"href":"https:\/\/agriconseils.qc.ca\/en\/wp-json\/wp\/v2\/media\/2989"}],"wp:attachment":[{"href":"https:\/\/agriconseils.qc.ca\/en\/wp-json\/wp\/v2\/media?parent=850"}],"curies":[{"name":"wp","href":"https:\/\/api.w.org\/{rel}","templated":true}]}}