{"id":842,"date":"2021-12-20T16:51:31","date_gmt":"2021-12-20T21:51:31","guid":{"rendered":"https:\/\/agriconseils.qc.ca\/?page_id=842"},"modified":"2025-10-01T15:51:32","modified_gmt":"2025-10-01T19:51:32","slug":"useful-links","status":"publish","type":"page","link":"https:\/\/agriconseils.qc.ca\/en\/useful-links\/","title":{"rendered":"Useful Links"},"content":{"rendered":"<div class=\"block-accordion \">\n    <span class=\"block-accordion__label\">Accordion<\/span>\n    <h3 class=\"block-accordion__title\">Associations, Co-operatives, and Organizations<\/h3>\n    \n\n<ul class=\"wp-block-list\">\n<li><a href=\"http:\/\/www.agrireseau.qc.ca\/\" target=\"_blank\" rel=\"noreferrer noopener\">Agri-R\u00e9seau<\/a><br>Lay articles, data sheets, statistics, and research reports.<\/li>\n\n\n\n<li><a href=\"http:\/\/www.formationagricole.com\/\" target=\"_blank\" rel=\"noreferrer noopener\">Collectifs r\u00e9gionaux en formation agricole<\/a><br>This site lists the current agricultural and agri-food course offering collective alliances have developed in each Quebec region.<\/li>\n\n\n\n<li><a href=\"https:\/\/fmc-gac.com\/\" rel=\"noopener\">Farm Management Canada (FMC)<\/a><br>National organization devoted exclusively to the development and distribution of specialized information on farm business management.<\/li>\n\n\n\n<li><a href=\"http:\/\/www.fondationdelafaune.qc.ca\/\" target=\"_blank\" rel=\"noreferrer noopener\">Fondation de la faune du Qu\u00e9bec<\/a><br>Organization with the goal of making Quebecers true players in the conservation and promotion of their local wildlife.<\/li>\n\n\n\n<li><a href=\"http:\/\/www.oaq.qc.ca\/\" target=\"_blank\" rel=\"noreferrer noopener\">Ordre des agronomes du Qu\u00e9bec<\/a><br>Professional body mandated to ensure the protection of the public, primarily by controlling its members\u2019 practice of the occupation of agronomist. Services to the public, members, and students.<\/li>\n\n\n\n<li><a href=\"http:\/\/www.otpq.qc.ca\/\" target=\"_blank\" rel=\"noreferrer noopener\">Ordre des technologues professionnels du Qu\u00e9bec<\/a><br>Promotes and ensures, in the public interest, the competency of professional technologists. Activities, technical information, and regulatory aspects.<\/li>\n<\/ul>\n\n\n<\/div>\n\n                    \n\n\n<div class=\"block-accordion \">\n    <span class=\"block-accordion__label\">Accordion<\/span>\n    <h3 class=\"block-accordion__title\">Federal Government<\/h3>\n    \n\n<ul class=\"wp-block-list\">\n<li><a href=\"https:\/\/agriculture.canada.ca\/en\" target=\"_blank\" rel=\"noreferrer noopener\">Agriculture and Agri-Food Canada<\/a><br>Information on research studies, technologies, policies, and programs regarding food security, a healthy environment, and growth-inducing innovations.<\/li>\n\n\n\n<li><a href=\"http:\/\/www.fcc-fac.ca\/fr\/index.asp\" target=\"_blank\" rel=\"noreferrer noopener\">Financement agricole Canada<\/a><br>Financing, software and insurance, management training, obligations, and online services.<\/li>\n<\/ul>\n\n\n<\/div>\n\n                    \n\n\n<div class=\"block-accordion \">\n    <span class=\"block-accordion__label\">Accordion<\/span>\n    <h3 class=\"block-accordion__title\">Mentor Training<\/h3>\n    \n\n<ul class=\"wp-block-list\">\n<li><a href=\"https:\/\/www.craaq.qc.ca\/Offre-de-services#formations\" target=\"_blank\" rel=\"noreferrer noopener\">Centre de r\u00e9f\u00e9rence en agriculture et agroalimentaire du Qu\u00e9bec<\/a><br>The CRAAQ offers different types of training sessions or tools to help acquire new knowledge.<\/li>\n\n\n\n<li><a href=\"http:\/\/coordination-sc.org\/formations\/\" target=\"_blank\" rel=\"noreferrer noopener\">Coordination services-conseils<\/a><br>The CSC offers training and self-training to consulting services mentors wanting to further their knowledge.<\/li>\n\n\n\n<li><a href=\"https:\/\/uplus.upa.qc.ca\/\" target=\"_blank\" rel=\"noreferrer noopener\">L&#8217;Union des producteurs agricoles<\/a><br>The UPA portal provides several types of training based on several themes.<\/li>\n\n\n\n<li><a href=\"https:\/\/asio.oaq.qc.ca\/\" target=\"_blank\" rel=\"noreferrer noopener\">Ordre des agronomes du Qu\u00e9bec<\/a><br>The OAQ portal provides several types of training for agronomists.<\/li>\n<\/ul>\n\n\n<\/div>\n\n                    \n\n\n<div class=\"block-accordion \">\n    <span class=\"block-accordion__label\">Accordion<\/span>\n    <h3 class=\"block-accordion__title\">Mentoring for Advisors<\/h3>\n    \n\n<ul class=\"wp-block-list\">\n<li><a href=\"https:\/\/coordination-sc.org\/services\/mentorats\/\" target=\"_blank\" rel=\"noreferrer noopener\">Mentorat Coordination services-conseils<\/a><br>The Coordination services-conseils offers mentoring services in integrated crop pest management in field crops, market gardening and fruit horticulture, crop irrigation and field crop fertilization.<\/li>\n<\/ul>\n\n\n<\/div>\n\n                    \n\n\n<div class=\"block-accordion \">\n    <span class=\"block-accordion__label\">Accordion<\/span>\n    <h3 class=\"block-accordion__title\">Partners<\/h3>\n    \n\n<ul class=\"wp-block-list\">\n<li><a href=\"http:\/\/www.agricarrieres.qc.ca\/\" target=\"_blank\" rel=\"noreferrer noopener\">AGRIcarri\u00e8res<\/a><br>Sectoral agricultural production labour committee for the development of human resources.<\/li>\n\n\n\n<li><a href=\"http:\/\/coordination-sc.org\/\" target=\"_blank\" rel=\"noreferrer noopener\">Coordination services-conseils<\/a><br>Organization supporting the R\u00e9seaux Agriconseils in their mission to be a regional single window regarding consulting services to farm and agri-food businesses.<\/li>\n\n\n\n<li><a href=\"https:\/\/www.upa.qc.ca\/producteur\" rel=\"noopener\">L&#8217;Union des producteurs agricoles<\/a><br>Promotes, defends, and develops the professional, economic, social, and moral interests of Quebec agricultural and forestry producers.<\/li>\n\n\n\n<li><a href=\"http:\/\/www.quebecfarmers.org\/\" target=\"_blank\" rel=\"noreferrer noopener\">Quebec Farmers\u2019 Association<\/a><br>Association that defends and promotes the Quebec English-speaking farming community.<\/li>\n\n\n\n<li><a href=\"https:\/\/www.scfconseils.ca\/\" rel=\"noopener\">Services de comptabilit\u00e9 et de fiscalit\u00e9 de l\u2019UPA<\/a><br>Accounting and tax services of the UPA available in all regions. Web links to contact the regional federations.<\/li>\n\n\n\n<li><a href=\"https:\/\/vialepole.com\/\" target=\"_blank\" rel=\"noreferrer noopener\">VIA P\u00f4le d\u2019expertise en services-conseils agricoles<\/a><br>Provincial organization serving regional unrelated consulting organizations across Quebec.<\/li>\n<\/ul>\n\n\n\n<p class=\"is-style-default\"><\/p>\n\n\n<\/div>\n\n                    \n\n\n<div class=\"block-accordion \">\n    <span class=\"block-accordion__label\">Accordion<\/span>\n    <h3 class=\"block-accordion__title\">Programs<\/h3>\n    \n\n<ul class=\"wp-block-list is-style-default\">\n<li><a href=\"https:\/\/www.agpal.ca\/#\/search?region=Quebec\" target=\"_blank\" rel=\"noreferrer noopener\">AgPal<\/a><br>A web-based discovery tool to help producers and others in the agriculture and agri-business sector.<\/li>\n<\/ul>\n\n\n\n<p class=\"is-style-default\"><\/p>\n\n\n<\/div>\n\n                    \n\n\n<div class=\"block-accordion \">\n    <span class=\"block-accordion__label\">Accordion<\/span>\n    <h3 class=\"block-accordion__title\">Provincial Government<\/h3>\n    \n\n<ul class=\"wp-block-list\">\n<li><a href=\"http:\/\/www.financiereagricole.qc.ca\/\" target=\"_blank\" rel=\"noreferrer noopener\">La Financi\u00e8re agricole<\/a><br>Quebec organization responsible for the management of financial tools for the development of the agricultural and agri-food sector.<\/li>\n\n\n\n<li><a href=\"http:\/\/www.mapaq.gouv.qc.ca\/\" target=\"_blank\" rel=\"noreferrer noopener\">Minist\u00e8re de l\u2019Agriculture, des P\u00eacheries et de l\u2019Alimentation du Qu\u00e9bec (MAPAQ)<\/a><br>The MAPAQ influences and supports the expansion of the Quebec bio-food industry within a context of sustainable development. It helps with production, processing, marketing, and the consumption of agricultural, marine, and food products.<\/li>\n<\/ul>\n\n\n<\/div>\n\n                    \n\n\n<div class=\"block-accordion \">\n    <span class=\"block-accordion__label\">Accordion<\/span>\n    <h3 class=\"block-accordion__title\">Reference Tools<\/h3>\n    \n\n<ul class=\"wp-block-list\">\n<li><a href=\"http:\/\/www.agrometeo.org\/\" target=\"_blank\" rel=\"noreferrer noopener\">Agrom\u00e9t\u00e9o Qu\u00e9bec<\/a><br>Critical tool to support your daily decisions, whether to improve crop pest management, improve pesticide use, optimize water and fertilizer use, enhance the business\u2019 productivity and marketing activities, or adapt to climate variability.<\/li>\n<\/ul>\n\n\n\n<p class=\"is-style-default\"><\/p>\n\n\n<\/div>\n\n                    \n","protected":false},"excerpt":{"rendered":"","protected":false},"author":1,"featured_media":3351,"parent":0,"menu_order":0,"comment_status":"closed","ping_status":"closed","template":"","meta":{"_acf_changed":false,"_relevanssi_hide_post":"","_relevanssi_hide_content":"","_relevanssi_pin_for_all":"","_relevanssi_pin_keywords":"","_relevanssi_unpin_keywords":"","_relevanssi_related_keywords":"","_relevanssi_related_include_ids":"","_relevanssi_related_exclude_ids":"","_relevanssi_related_no_append":"","_relevanssi_related_not_related":"","_relevanssi_related_posts":"3816,3823,3818","_relevanssi_noindex_reason":"","footnotes":""},"class_list":["post-842","page","type-page","status-publish","has-post-thumbnail","hentry"],"acf":[],"_links":{"self":[{"href":"https:\/\/agriconseils.qc.ca\/en\/wp-json\/wp\/v2\/pages\/842","targetHints":{"allow":["GET"]}}],"collection":[{"href":"https:\/\/agriconseils.qc.ca\/en\/wp-json\/wp\/v2\/pages"}],"about":[{"href":"https:\/\/agriconseils.qc.ca\/en\/wp-json\/wp\/v2\/types\/page"}],"author":[{"embeddable":true,"href":"https:\/\/agriconseils.qc.ca\/en\/wp-json\/wp\/v2\/users\/1"}],"replies":[{"embeddable":true,"href":"https:\/\/agriconseils.qc.ca\/en\/wp-json\/wp\/v2\/comments?post=842"}],"version-history":[{"count":10,"href":"https:\/\/agriconseils.qc.ca\/en\/wp-json\/wp\/v2\/pages\/842\/revisions"}],"predecessor-version":[{"id":10842,"href":"https:\/\/agriconseils.qc.ca\/en\/wp-json\/wp\/v2\/pages\/842\/revisions\/10842"}],"wp:featuredmedia":[{"embeddable":true,"href":"https:\/\/agriconseils.qc.ca\/en\/wp-json\/wp\/v2\/media\/3351"}],"wp:attachment":[{"href":"https:\/\/agriconseils.qc.ca\/en\/wp-json\/wp\/v2\/media?parent=842"}],"curies":[{"name":"wp","href":"https:\/\/api.w.org\/{rel}","templated":true}]}}