{"id":810,"date":"2021-11-01T18:30:32","date_gmt":"2021-11-01T23:30:32","guid":{"rendered":"https:\/\/agriconseils.qc.ca\/?page_id=810"},"modified":"2026-04-13T14:27:00","modified_gmt":"2026-04-13T18:27:00","slug":"i-am-a-producer","status":"publish","type":"page","link":"https:\/\/agriconseils.qc.ca\/en\/i-am-a-producer\/","title":{"rendered":"I am a Producer"},"content":{"rendered":"\n<div class=\"wp-block-media-text alignwide has-media-on-the-right is-stacked-on-mobile\"><div class=\"wp-block-media-text__content\">\n<h2 class=\"wp-block-heading\"><strong>Free Reception and Referral<\/strong><strong><\/strong><\/h2>\n\n\n\n<p>The&nbsp;<a href=\"https:\/\/agriconseils.qc.ca\/en\/the-reseaux-agriconseils\/the-13-regions-served\/\">R\u00e9seaux Agriconseils<\/a>&nbsp;can guide you when selecting consulting services suited to your needs and refer you to the right advisors.<\/p>\n\n\n\n<p><strong>Financial Assistance Available: 50%-75%<\/strong><\/p>\n\n\n\n<p>Call upon experts to reach your goals. Contact us at <strong>1-866-680-1858<\/strong>.<\/p>\n\n\n\n<p>Find an advisor:<\/p>\n\n\n\n<div class=\"wp-block-buttons is-layout-flex wp-block-buttons-is-layout-flex\">\n<div class=\"wp-block-button\"><a class=\"wp-block-button__link wp-element-button\" href=\"https:\/\/agriconseils.qc.ca\/en\/directory-of-advisors\/\">Directory of Advisors<\/a><\/div>\n<\/div>\n<\/div><figure class=\"wp-block-media-text__media\"><img decoding=\"async\" width=\"1024\" height=\"683\" src=\"https:\/\/agriconseils.qc.ca\/wp-content\/uploads\/2022\/03\/iStock-950424484-1024x683.jpg\" alt=\"\" class=\"wp-image-2500 size-full\" srcset=\"https:\/\/agriconseils.qc.ca\/wp-content\/uploads\/2022\/03\/iStock-950424484-1024x683.jpg 1024w, https:\/\/agriconseils.qc.ca\/wp-content\/uploads\/2022\/03\/iStock-950424484-300x200.jpg 300w, https:\/\/agriconseils.qc.ca\/wp-content\/uploads\/2022\/03\/iStock-950424484-768x512.jpg 768w, https:\/\/agriconseils.qc.ca\/wp-content\/uploads\/2022\/03\/iStock-950424484-1536x1024.jpg 1536w, https:\/\/agriconseils.qc.ca\/wp-content\/uploads\/2022\/03\/iStock-950424484.jpg 1920w\" sizes=\"(max-width: 1024px) 100vw, 1024px\" \/><\/figure><\/div>\n\n\n\n<h2 class=\"wp-block-heading alignwide has-text-align-center\" id=\"aide-financiere\"><strong><strong><a href=\"https:\/\/agriconseils.qc.ca\/services-conseils-admissibles\/\">Diversified Consulting Services<\/a><\/strong><\/strong><\/h2>\n\n\n\n<ul class=\"wp-block-list\">\n<li>Agri-environment<\/li>\n\n\n\n<li>Financial management and marketing<\/li>\n\n\n\n<li>Organizational and human resources management<\/li>\n\n\n\n<li>Proximity marketing<\/li>\n\n\n\n<li>Agricultural practices<\/li>\n\n\n\n<li>Breeding practices<\/li>\n\n\n\n<li>Building management<\/li>\n\n\n\n<li>Small-scale food processing<\/li>\n<\/ul>\n\n\n\n<div class=\"wp-block-media-text alignwide is-stacked-on-mobile\"><figure class=\"wp-block-media-text__media\"><img decoding=\"async\" width=\"548\" height=\"383\" src=\"https:\/\/agriconseils.qc.ca\/wp-content\/uploads\/2022\/04\/2_red.png\" alt=\"\" class=\"wp-image-2983 size-full\" srcset=\"https:\/\/agriconseils.qc.ca\/wp-content\/uploads\/2022\/04\/2_red.png 548w, https:\/\/agriconseils.qc.ca\/wp-content\/uploads\/2022\/04\/2_red-300x210.png 300w\" sizes=\"(max-width: 548px) 100vw, 548px\" \/><\/figure><div class=\"wp-block-media-text__content\">\n<h2 class=\"wp-block-heading\" id=\"trouver-un-conseiller\"><strong>Aide financi\u00e8re pour les producteurs<\/strong><\/h2>\n\n\n\n<p>Consultez des professionnels et obtenez de l&#8217;aide financi\u00e8re! Le <a href=\"https:\/\/www.mapaq.gouv.qc.ca\/fr\/Productions\/md\/programmesliste\/gestionagricole\/Pages\/Programmeservices-conseils.aspx\" rel=\"noopener\">Programme services-conseils (PSC) 2023-2028<\/a> pr\u00e9voit un taux d\u2019aide maximal variant <strong>entre 50 % et&nbsp;75 %<\/strong>, selon&nbsp;:<\/p>\n\n\n\n<ul class=\"wp-block-list\">\n<li>les domaines d\u2019intervention;<\/li>\n\n\n\n<li>les activit\u00e9s admissibles;<\/li>\n\n\n\n<li>les client\u00e8les vis\u00e9es.<\/li>\n<\/ul>\n\n\n\n<p>L\u2019aide financi\u00e8re concernant la totalit\u00e9 des services-conseils admissibles ne peut pas exc\u00e9der les montants suivants pour la dur\u00e9e du PSC, soit jusqu\u2019au 31 mars 2028 :<\/p>\n\n\n\n<ul class=\"wp-block-list\">\n<li>Agroenvironnement : 19 000 $<\/li>\n\n\n\n<li>Gestion : 20 000 $<\/li>\n\n\n\n<li>Technique : 17 000 $<\/li>\n<\/ul>\n\n\n\n<p>Le montant maximal d\u2019aide financi\u00e8re accord\u00e9e peut atteindre 30&nbsp;000 $ par demandeur, pour la dur\u00e9e du programme, \u00e0 l\u2019exception des entreprises de la rel\u00e8ve agricole ainsi que des entreprises qui poss\u00e8dent une pr\u00e9certification ou une certification biologique pour la production en lien avec le service-conseil, pour lesquelles l\u2019aide totale maximale peut atteindre 40&nbsp;000 $.<\/p>\n\n\n\n<ul class=\"wp-block-list\">\n<li>T\u00e9l\u00e9chargez le <a href=\"https:\/\/agriconseils.qc.ca\/wp-content\/uploads\/2023\/08\/Depliant_Services-Conseils_PCAD_2023_web.pdf\">d\u00e9pliant du PSC<\/a>.<\/li>\n\n\n\n<li>Consultez le <a href=\"https:\/\/agriconseils.qc.ca\/wp-content\/uploads\/2026\/04\/Guide_administratif_PSC2023-2028_avril2026.pdf\" target=\"_blank\" rel=\"noreferrer noopener\">Guide administratif du PSC<\/a>.<\/li>\n\n\n\n<li>Communiquez avec votre&nbsp;<a href=\"https:\/\/agriconseils.qc.ca\/en\/the-reseaux-agriconseils\/the-13-regions-served\/\">R\u00e9seau<\/a> pour plus de renseignements.<\/li>\n<\/ul>\n<\/div><\/div>\n\n\n\n<p>Les aides financi\u00e8res offertes par les r\u00e9seaux Agriconseils sont rendues possibles gr\u00e2ce au Programme services-conseils 2023-2028, en vertu du Partenariat canadien pour une agriculture durable, entente conclue entre les gouvernements du Canada et du Qu\u00e9bec.<\/p>\n","protected":false},"excerpt":{"rendered":"<p>Diversified Consulting Services Les aides financi\u00e8res offertes par les r\u00e9seaux Agriconseils sont rendues possibles gr\u00e2ce au Programme services-conseils 2023-2028, en vertu du Partenariat canadien pour une agriculture durable, entente conclue entre les gouvernements du Canada et du Qu\u00e9bec.<\/p>\n","protected":false},"author":1,"featured_media":813,"parent":0,"menu_order":0,"comment_status":"closed","ping_status":"closed","template":"","meta":{"_acf_changed":false,"_relevanssi_hide_post":"","_relevanssi_hide_content":"","_relevanssi_pin_for_all":"","_relevanssi_pin_keywords":"","_relevanssi_unpin_keywords":"","_relevanssi_related_keywords":"","_relevanssi_related_include_ids":"","_relevanssi_related_exclude_ids":"","_relevanssi_related_no_append":"","_relevanssi_related_not_related":"","_relevanssi_related_posts":"1","_relevanssi_noindex_reason":"","footnotes":""},"class_list":["post-810","page","type-page","status-publish","has-post-thumbnail","hentry"],"acf":[],"_links":{"self":[{"href":"https:\/\/agriconseils.qc.ca\/en\/wp-json\/wp\/v2\/pages\/810","targetHints":{"allow":["GET"]}}],"collection":[{"href":"https:\/\/agriconseils.qc.ca\/en\/wp-json\/wp\/v2\/pages"}],"about":[{"href":"https:\/\/agriconseils.qc.ca\/en\/wp-json\/wp\/v2\/types\/page"}],"author":[{"embeddable":true,"href":"https:\/\/agriconseils.qc.ca\/en\/wp-json\/wp\/v2\/users\/1"}],"replies":[{"embeddable":true,"href":"https:\/\/agriconseils.qc.ca\/en\/wp-json\/wp\/v2\/comments?post=810"}],"version-history":[{"count":10,"href":"https:\/\/agriconseils.qc.ca\/en\/wp-json\/wp\/v2\/pages\/810\/revisions"}],"predecessor-version":[{"id":11312,"href":"https:\/\/agriconseils.qc.ca\/en\/wp-json\/wp\/v2\/pages\/810\/revisions\/11312"}],"wp:featuredmedia":[{"embeddable":true,"href":"https:\/\/agriconseils.qc.ca\/en\/wp-json\/wp\/v2\/media\/813"}],"wp:attachment":[{"href":"https:\/\/agriconseils.qc.ca\/en\/wp-json\/wp\/v2\/media?parent=810"}],"curies":[{"name":"wp","href":"https:\/\/api.w.org\/{rel}","templated":true}]}}