{"id":798,"date":"2021-11-01T18:31:03","date_gmt":"2021-11-01T23:31:03","guid":{"rendered":"https:\/\/agriconseils.qc.ca\/?page_id=798"},"modified":"2025-09-25T15:00:09","modified_gmt":"2025-09-25T19:00:09","slug":"i-am-an-advisor","status":"publish","type":"page","link":"https:\/\/agriconseils.qc.ca\/en\/i-am-an-advisor\/","title":{"rendered":"I am an Advisor"},"content":{"rendered":"\n<div class=\"wp-block-media-text alignwide has-media-on-the-right is-stacked-on-mobile\"><div class=\"wp-block-media-text__content\">\n<h2 class=\"wp-block-heading\" id=\"devenir-un-dispensateur-reconnu-par-les-reseaux-agriconseils\"><strong><strong>Becoming a Consultant Recognized by the R\u00e9seaux Agriconseils<\/strong><\/strong><\/h2>\n\n\n\n<p class=\"is-style-default\">Would you like to attract more clients? Become an advisor recognized by the&nbsp;<a href=\"https:\/\/agriconseils.qc.ca\/en\/the-reseaux-agriconseils\/the-13-regions-served\/\">R\u00e9seaux Agriconseils<\/a>.<\/p>\n\n\n\n<p>It is through the R\u00e9seaux&nbsp;Agriconseils&nbsp;that agricultural producers can access a list of advisors that provide consulting services subsidized by the&nbsp;<a href=\"https:\/\/agriconseils.qc.ca\/wp-content\/uploads\/2022\/04\/Depliant_Programme_Services-Conseils_2022.pdf\" target=\"_blank\" rel=\"noreferrer noopener\">Consulting Services Program<\/a>.&nbsp;<\/p>\n\n\n\n<p><strong>Add yourself to the&nbsp;<\/strong><a href=\"https:\/\/agriconseils.qc.ca\/en\/directory-of-advisors\/\"><strong>Directory of Advisors<\/strong><\/a><strong>!<\/strong> Contact your&nbsp;<a href=\"https:\/\/agriconseils.qc.ca\/en\/the-reseaux-agriconseils\/the-13-regions-served\/\">R\u00e9seau<\/a>&nbsp;to learn about the&nbsp;<a href=\"https:\/\/agriconseils.qc.ca\/en\/i-am-a-mentor\/become-a-mentor\/\">enrolment procedures<\/a>.<\/p>\n\n\n\n<p>You are already registered and you need to modify the information concerning you in the <a href=\"https:\/\/agriconseils.qc.ca\/en\/directory-of-advisors\/\"><strong>Directory of Advisors<\/strong><\/a>? <a href=\"https:\/\/coordination-sc.org\/services\/outils-et-services-administratifs\/inscription-dun-dispensateur-au-psc\/\" target=\"_blank\" rel=\"noreferrer noopener\">Learn how<\/a>.<\/p>\n<\/div><figure class=\"wp-block-media-text__media\"><img decoding=\"async\" width=\"1024\" height=\"398\" src=\"https:\/\/agriconseils.qc.ca\/wp-content\/uploads\/2022\/03\/Logo_reconnu_Agriconseils-1024x398.png\" alt=\"\" class=\"wp-image-2429 size-full\" srcset=\"https:\/\/agriconseils.qc.ca\/wp-content\/uploads\/2022\/03\/Logo_reconnu_Agriconseils-1024x398.png 1024w, https:\/\/agriconseils.qc.ca\/wp-content\/uploads\/2022\/03\/Logo_reconnu_Agriconseils-300x117.png 300w, https:\/\/agriconseils.qc.ca\/wp-content\/uploads\/2022\/03\/Logo_reconnu_Agriconseils-768x299.png 768w, https:\/\/agriconseils.qc.ca\/wp-content\/uploads\/2022\/03\/Logo_reconnu_Agriconseils-1536x598.png 1536w, https:\/\/agriconseils.qc.ca\/wp-content\/uploads\/2022\/03\/Logo_reconnu_Agriconseils.png 1920w\" sizes=\"(max-width: 1024px) 100vw, 1024px\" \/><\/figure><\/div>\n\n\n\n<div class=\"wp-block-media-text alignwide is-stacked-on-mobile\"><figure class=\"wp-block-media-text__media\"><img decoding=\"async\" width=\"1024\" height=\"715\" src=\"https:\/\/agriconseils.qc.ca\/wp-content\/uploads\/2021\/11\/iStock-1173877817-1024x715.png\" alt=\"\" class=\"wp-image-201 size-full\" srcset=\"https:\/\/agriconseils.qc.ca\/wp-content\/uploads\/2021\/11\/iStock-1173877817-1024x715.png 1024w, https:\/\/agriconseils.qc.ca\/wp-content\/uploads\/2021\/11\/iStock-1173877817-300x209.png 300w, https:\/\/agriconseils.qc.ca\/wp-content\/uploads\/2021\/11\/iStock-1173877817-768x536.png 768w, https:\/\/agriconseils.qc.ca\/wp-content\/uploads\/2021\/11\/iStock-1173877817.png 1146w\" sizes=\"(max-width: 1024px) 100vw, 1024px\" \/><\/figure><div class=\"wp-block-media-text__content\">\n<h2 class=\"wp-block-heading\" id=\"trouver-un-formulaire-et-des-capsules-d-aide\"><strong><strong>Find a Form, a Logo, and Help Vignettes<\/strong><\/strong><\/h2>\n\n\n\n<p class=\"is-style-default\">Do you have questions regarding the requirements of the <a href=\"https:\/\/agriconseils.qc.ca\/en\/the-reseaux-agriconseils\/the-13-regions-served\/\">R\u00e9seaux&nbsp;Agriconseils<\/a>\u2019s requirements (e.g. service contract model, action report, etc.)?<\/p>\n\n\n\n<ul class=\"wp-block-list\">\n<li>Go to the \u201c<a href=\"https:\/\/agriconseils.qc.ca\/en\/i-am-a-mentor\/guides-and-forms\/\">Guides and Forms<\/a>\u201d section<\/li>\n\n\n\n<li>Read the <a href=\"https:\/\/coordination-sc.org\/nouvelles\/?_news_categories=programme-services-conseils\" target=\"_blank\" rel=\"noreferrer noopener\">information capsules<\/a> published in <em>La CSC vous informe!<\/em><\/li>\n\n\n\n<li>Visit the \u201c<a href=\"https:\/\/agriconseils.qc.ca\/en\/i-am-a-mentor\/videos\/\">Videos<\/a>\u201d section<\/li>\n<\/ul>\n\n\n\n<p>Would you like to identify yourself as a proud partner of the R\u00e9seaux Agriconseils? The \u201cRecognized by the R\u00e9seaux Agriconseils\u201d logo was created for advisors with this purpose in mind.<\/p>\n\n\n\n<p>Consult the \u201c<a href=\"https:\/\/agriconseils.qc.ca\/en\/i-am-a-mentor\/logo-use\/\">Logo Use<\/a>\u201d section.<\/p>\n<\/div><\/div>\n\n\n\n<div class=\"wp-block-media-text alignwide has-media-on-the-right is-stacked-on-mobile\"><div class=\"wp-block-media-text__content\">\n<h2 class=\"wp-block-heading\" id=\"formuler-une-insatisfaction\"><strong><strong>Develop Your Services<\/strong><\/strong><\/h2>\n\n\n\n<p class=\"is-style-default\">Want to develop your services? There are several ways to do it:<\/p>\n\n\n\n<ul class=\"wp-block-list\">\n<li>Identify your business opportunities and needs<\/li>\n\n\n\n<li>Enrol in a <a href=\"https:\/\/agriconseils.qc.ca\/en\/useful-links\/\">training session<\/a><\/li>\n\n\n\n<li>Be supported by a <a href=\"https:\/\/mentoratcsc.org\/\" target=\"_blank\" rel=\"noreferrer noopener\">mentor<\/a><\/li>\n\n\n\n<li>Set up a&nbsp;<a href=\"https:\/\/agriconseils.qc.ca\/en\/the-reseaux-agriconseils\/services-provided\/\">group activity<\/a><\/li>\n\n\n\n<li>Promote your services<\/li>\n<\/ul>\n\n\n\n<p>Need some help? Contact your&nbsp;<a href=\"https:\/\/agriconseils.qc.ca\/en\/the-reseaux-agriconseils\/the-13-regions-served\/\">R\u00e9seau<\/a>&nbsp;right now!<\/p>\n<\/div><figure class=\"wp-block-media-text__media\"><img decoding=\"async\" width=\"547\" height=\"383\" src=\"https:\/\/agriconseils.qc.ca\/wp-content\/uploads\/2022\/04\/3_red.png\" alt=\"\" class=\"wp-image-2976 size-full\" srcset=\"https:\/\/agriconseils.qc.ca\/wp-content\/uploads\/2022\/04\/3_red.png 547w, https:\/\/agriconseils.qc.ca\/wp-content\/uploads\/2022\/04\/3_red-300x210.png 300w\" sizes=\"(max-width: 547px) 100vw, 547px\" \/><\/figure><\/div>\n","protected":false},"excerpt":{"rendered":"<p>Becoming a Consultant Recognized by the R\u00e9seaux Agriconseils Would you like to attract more clients? Become an advisor recognized by the&nbsp;R\u00e9seaux Agriconseils. It is through the R\u00e9seaux&nbsp;Agriconseils&nbsp;that agricultural producers can access a list of advisors that provide consulting services subsidized by the&nbsp;Consulting Services Program.&nbsp; Add yourself to the&nbsp;Directory of Advisors! Contact your&nbsp;R\u00e9seau&nbsp;to learn about the&nbsp;enrolment&hellip;<\/p>\n","protected":false},"author":1,"featured_media":2499,"parent":0,"menu_order":0,"comment_status":"closed","ping_status":"closed","template":"","meta":{"_acf_changed":false,"_relevanssi_hide_post":"","_relevanssi_hide_content":"","_relevanssi_pin_for_all":"","_relevanssi_pin_keywords":"","_relevanssi_unpin_keywords":"","_relevanssi_related_keywords":"","_relevanssi_related_include_ids":"","_relevanssi_related_exclude_ids":"","_relevanssi_related_no_append":"","_relevanssi_related_not_related":"","_relevanssi_related_posts":"1","_relevanssi_noindex_reason":"","footnotes":""},"class_list":["post-798","page","type-page","status-publish","has-post-thumbnail","hentry"],"acf":[],"_links":{"self":[{"href":"https:\/\/agriconseils.qc.ca\/en\/wp-json\/wp\/v2\/pages\/798","targetHints":{"allow":["GET"]}}],"collection":[{"href":"https:\/\/agriconseils.qc.ca\/en\/wp-json\/wp\/v2\/pages"}],"about":[{"href":"https:\/\/agriconseils.qc.ca\/en\/wp-json\/wp\/v2\/types\/page"}],"author":[{"embeddable":true,"href":"https:\/\/agriconseils.qc.ca\/en\/wp-json\/wp\/v2\/users\/1"}],"replies":[{"embeddable":true,"href":"https:\/\/agriconseils.qc.ca\/en\/wp-json\/wp\/v2\/comments?post=798"}],"version-history":[{"count":11,"href":"https:\/\/agriconseils.qc.ca\/en\/wp-json\/wp\/v2\/pages\/798\/revisions"}],"predecessor-version":[{"id":10830,"href":"https:\/\/agriconseils.qc.ca\/en\/wp-json\/wp\/v2\/pages\/798\/revisions\/10830"}],"wp:featuredmedia":[{"embeddable":true,"href":"https:\/\/agriconseils.qc.ca\/en\/wp-json\/wp\/v2\/media\/2499"}],"wp:attachment":[{"href":"https:\/\/agriconseils.qc.ca\/en\/wp-json\/wp\/v2\/media?parent=798"}],"curies":[{"name":"wp","href":"https:\/\/api.w.org\/{rel}","templated":true}]}}